{"id":2611,"date":"2021-06-15T23:20:34","date_gmt":"2021-06-15T23:20:34","guid":{"rendered":"https:\/\/ceder.org.pe\/pdr\/?page_id=2611"},"modified":"2021-07-18T23:30:23","modified_gmt":"2021-07-18T23:30:23","slug":"fortalecimiento-de-la-gestion-local","status":"publish","type":"page","link":"https:\/\/ceder.org.pe\/pdr\/fortalecimiento-de-la-gestion-local\/","title":{"rendered":"Fortalecimiento de la Gesti\u00f3n Local"},"content":{"rendered":"\t\t<div data-elementor-type=\"wp-page\" data-elementor-id=\"2611\" class=\"elementor elementor-2611\">\n\t\t\t\t\t\t<section class=\"elementor-section elementor-top-section elementor-element elementor-element-28cadb52 elementor-section-boxed elementor-section-height-default elementor-section-height-default\" data-id=\"28cadb52\" data-element_type=\"section\" data-settings=\"{&quot;background_background&quot;:&quot;classic&quot;}\">\n\t\t\t\t\t\t\t<div class=\"elementor-background-overlay\"><\/div>\n\t\t\t\t\t\t\t<div class=\"elementor-container elementor-column-gap-default\">\n\t\t\t\t\t<div class=\"elementor-column elementor-col-100 elementor-top-column elementor-element elementor-element-4e34010c elementor-invisible\" data-id=\"4e34010c\" data-element_type=\"column\" data-settings=\"{&quot;animation&quot;:&quot;fadeIn&quot;}\">\n\t\t\t<div class=\"elementor-widget-wrap elementor-element-populated\">\n\t\t\t\t\t\t<div class=\"elementor-element elementor-element-9c3f98a elementor-invisible elementor-widget elementor-widget-heading\" data-id=\"9c3f98a\" data-element_type=\"widget\" data-settings=\"{&quot;_animation&quot;:&quot;fadeIn&quot;,&quot;_animation_delay&quot;:700}\" data-widget_type=\"heading.default\">\n\t\t\t\t<div class=\"elementor-widget-container\">\n\t\t\t\t\t<h3 class=\"elementor-heading-title elementor-size-default\">Componente II: <br>Fortalecimiento de la Gesti\u00f3n Local<br><\/h3>\t\t\t\t<\/div>\n\t\t\t\t<\/div>\n\t\t\t\t\t<\/div>\n\t\t<\/div>\n\t\t\t\t\t<\/div>\n\t\t<\/section>\n\t\t\t\t<section class=\"elementor-section elementor-top-section elementor-element elementor-element-62b89603 elementor-reverse-tablet elementor-reverse-mobile elementor-section-boxed elementor-section-height-default elementor-section-height-default elementor-invisible\" data-id=\"62b89603\" data-element_type=\"section\" data-settings=\"{&quot;animation&quot;:&quot;fadeIn&quot;}\">\n\t\t\t\t\t\t<div class=\"elementor-container elementor-column-gap-default\">\n\t\t\t\t\t<div class=\"elementor-column elementor-col-100 elementor-top-column elementor-element elementor-element-6274dbe1\" data-id=\"6274dbe1\" data-element_type=\"column\">\n\t\t\t<div class=\"elementor-widget-wrap elementor-element-populated\">\n\t\t\t\t\t\t<div class=\"elementor-element elementor-element-ec4fc8e elementor-widget elementor-widget-text-editor\" data-id=\"ec4fc8e\" data-element_type=\"widget\" data-widget_type=\"text-editor.default\">\n\t\t\t\t<div class=\"elementor-widget-container\">\n\t\t\t\t\t\t\t\t\t<p>Fortalece las capacidades de las mujeres, j\u00f3venes y adolescentes l\u00edderes de organizaciones para incrementar su participaci\u00f3n en espacios pol\u00edticos y locales, con propuestas viables para su territorio.\u00a0<\/p>\t\t\t\t\t\t\t\t<\/div>\n\t\t\t\t<\/div>\n\t\t\t\t\t<\/div>\n\t\t<\/div>\n\t\t\t\t\t<\/div>\n\t\t<\/section>\n\t\t\t\t<section class=\"elementor-section elementor-top-section elementor-element elementor-element-6b04de81 elementor-section-boxed elementor-section-height-default elementor-section-height-default\" data-id=\"6b04de81\" data-element_type=\"section\">\n\t\t\t\t\t\t<div class=\"elementor-container elementor-column-gap-default\">\n\t\t\t\t\t<div class=\"elementor-column elementor-col-50 elementor-top-column elementor-element elementor-element-7a476d99 elementor-invisible\" data-id=\"7a476d99\" data-element_type=\"column\" data-settings=\"{&quot;animation&quot;:&quot;fadeInLeft&quot;}\">\n\t\t\t<div class=\"elementor-widget-wrap elementor-element-populated\">\n\t\t\t\t\t\t<div class=\"elementor-element elementor-element-1968cafb elementor-invisible elementor-widget elementor-widget-image\" data-id=\"1968cafb\" data-element_type=\"widget\" data-settings=\"{&quot;_animation&quot;:&quot;fadeIn&quot;}\" data-widget_type=\"image.default\">\n\t\t\t\t<div class=\"elementor-widget-container\">\n\t\t\t\t\t\t\t\t\t\t\t\t\t\t\t<img fetchpriority=\"high\" decoding=\"async\" width=\"1024\" height=\"1024\" src=\"https:\/\/ceder.org.pe\/pdr\/wp-content\/uploads\/2021\/06\/Diseno-sin-titulo-14-1.png\" class=\"attachment-large size-large wp-image-2666\" alt=\"\" srcset=\"https:\/\/ceder.org.pe\/pdr\/wp-content\/uploads\/2021\/06\/Diseno-sin-titulo-14-1.png 1024w, https:\/\/ceder.org.pe\/pdr\/wp-content\/uploads\/2021\/06\/Diseno-sin-titulo-14-1-300x300.png 300w, https:\/\/ceder.org.pe\/pdr\/wp-content\/uploads\/2021\/06\/Diseno-sin-titulo-14-1-150x150.png 150w, https:\/\/ceder.org.pe\/pdr\/wp-content\/uploads\/2021\/06\/Diseno-sin-titulo-14-1-768x768.png 768w, https:\/\/ceder.org.pe\/pdr\/wp-content\/uploads\/2021\/06\/Diseno-sin-titulo-14-1-600x600.png 600w, https:\/\/ceder.org.pe\/pdr\/wp-content\/uploads\/2021\/06\/Diseno-sin-titulo-14-1-100x100.png 100w\" sizes=\"(max-width: 1024px) 100vw, 1024px\" \/>\t\t\t\t\t\t\t\t\t\t\t\t\t\t\t<\/div>\n\t\t\t\t<\/div>\n\t\t\t\t\t<\/div>\n\t\t<\/div>\n\t\t\t\t<div class=\"elementor-column elementor-col-50 elementor-top-column elementor-element elementor-element-117b1696 elementor-invisible\" data-id=\"117b1696\" data-element_type=\"column\" data-settings=\"{&quot;animation&quot;:&quot;fadeInRight&quot;}\">\n\t\t\t<div class=\"elementor-widget-wrap elementor-element-populated\">\n\t\t\t\t\t\t<div class=\"elementor-element elementor-element-eaa3907 elementor-invisible elementor-widget elementor-widget-text-editor\" data-id=\"eaa3907\" data-element_type=\"widget\" data-settings=\"{&quot;_animation&quot;:&quot;fadeIn&quot;}\" data-widget_type=\"text-editor.default\">\n\t\t\t\t<div class=\"elementor-widget-container\">\n\t\t\t\t\t\t\t\t\t<p>15 asociaciones formalizadas y 20 grupos organizados. Haciendo un total de 667 personas del grupo meta que participan de las diversas acciones en el PDR y al anterior de sus organizaciones.\u00a0<\/p>\t\t\t\t\t\t\t\t<\/div>\n\t\t\t\t<\/div>\n\t\t\t\t\t<\/div>\n\t\t<\/div>\n\t\t\t\t\t<\/div>\n\t\t<\/section>\n\t\t\t\t<section class=\"elementor-section elementor-top-section elementor-element elementor-element-bbc0219 elementor-section-boxed elementor-section-height-default elementor-section-height-default\" data-id=\"bbc0219\" data-element_type=\"section\">\n\t\t\t\t\t\t<div class=\"elementor-container elementor-column-gap-default\">\n\t\t\t\t\t<div class=\"elementor-column elementor-col-100 elementor-top-column elementor-element elementor-element-85e0784\" data-id=\"85e0784\" data-element_type=\"column\">\n\t\t\t<div class=\"elementor-widget-wrap elementor-element-populated\">\n\t\t\t\t\t\t<div class=\"elementor-element elementor-element-bad43d0 elementor-widget elementor-widget-heading\" data-id=\"bad43d0\" data-element_type=\"widget\" data-widget_type=\"heading.default\">\n\t\t\t\t<div class=\"elementor-widget-container\">\n\t\t\t\t\t<h3 class=\"elementor-heading-title elementor-size-default\">Galer\u00eda de Fotos<\/h3>\t\t\t\t<\/div>\n\t\t\t\t<\/div>\n\t\t\t\t<div class=\"elementor-element elementor-element-3f3c2c0 elementor-invisible elementor-widget elementor-widget-image-gallery\" data-id=\"3f3c2c0\" data-element_type=\"widget\" data-settings=\"{&quot;_animation&quot;:&quot;fadeIn&quot;}\" data-widget_type=\"image-gallery.default\">\n\t\t\t\t<div class=\"elementor-widget-container\">\n\t\t\t\t\t\t\t<div class=\"elementor-image-gallery\">\n\t\t\t<div id='gallery-1' class='gallery galleryid-2611 gallery-columns-4 gallery-size-woocommerce_thumbnail'><figure class='gallery-item'>\n\t\t\t<div class='gallery-icon landscape'>\n\t\t\t\t<a data-elementor-open-lightbox=\"yes\" data-elementor-lightbox-slideshow=\"3f3c2c0\" data-elementor-lightbox-title=\"IMG_20201208_172649\" data-e-action-hash=\"#elementor-action%3Aaction%3Dlightbox%26settings%3DeyJpZCI6MzAxNywidXJsIjoiaHR0cHM6XC9cL2NlZGVyLm9yZy5wZVwvcGRyXC93cC1jb250ZW50XC91cGxvYWRzXC8yMDIxXC8wNlwvSU1HXzIwMjAxMjA4XzE3MjY0OS1zY2FsZWQuanBnIiwic2xpZGVzaG93IjoiM2YzYzJjMCJ9\" href='https:\/\/ceder.org.pe\/pdr\/wp-content\/uploads\/2021\/06\/IMG_20201208_172649-scaled.jpg'><img decoding=\"async\" width=\"300\" height=\"300\" src=\"https:\/\/ceder.org.pe\/pdr\/wp-content\/uploads\/2021\/06\/IMG_20201208_172649-300x300.jpg\" class=\"attachment-woocommerce_thumbnail size-woocommerce_thumbnail\" alt=\"\" srcset=\"https:\/\/ceder.org.pe\/pdr\/wp-content\/uploads\/2021\/06\/IMG_20201208_172649-300x300.jpg 300w, https:\/\/ceder.org.pe\/pdr\/wp-content\/uploads\/2021\/06\/IMG_20201208_172649-150x150.jpg 150w, https:\/\/ceder.org.pe\/pdr\/wp-content\/uploads\/2021\/06\/IMG_20201208_172649-100x100.jpg 100w\" sizes=\"(max-width: 300px) 100vw, 300px\" \/><\/a>\n\t\t\t<\/div><\/figure><figure class='gallery-item'>\n\t\t\t<div class='gallery-icon landscape'>\n\t\t\t\t<a data-elementor-open-lightbox=\"yes\" data-elementor-lightbox-slideshow=\"3f3c2c0\" data-elementor-lightbox-title=\"IMG_20201209_165642\" data-e-action-hash=\"#elementor-action%3Aaction%3Dlightbox%26settings%3DeyJpZCI6MzAxOCwidXJsIjoiaHR0cHM6XC9cL2NlZGVyLm9yZy5wZVwvcGRyXC93cC1jb250ZW50XC91cGxvYWRzXC8yMDIxXC8wNlwvSU1HXzIwMjAxMjA5XzE2NTY0Mi1zY2FsZWQuanBnIiwic2xpZGVzaG93IjoiM2YzYzJjMCJ9\" href='https:\/\/ceder.org.pe\/pdr\/wp-content\/uploads\/2021\/06\/IMG_20201209_165642-scaled.jpg'><img decoding=\"async\" width=\"300\" height=\"300\" src=\"https:\/\/ceder.org.pe\/pdr\/wp-content\/uploads\/2021\/06\/IMG_20201209_165642-300x300.jpg\" class=\"attachment-woocommerce_thumbnail size-woocommerce_thumbnail\" alt=\"\" srcset=\"https:\/\/ceder.org.pe\/pdr\/wp-content\/uploads\/2021\/06\/IMG_20201209_165642-300x300.jpg 300w, https:\/\/ceder.org.pe\/pdr\/wp-content\/uploads\/2021\/06\/IMG_20201209_165642-150x150.jpg 150w, https:\/\/ceder.org.pe\/pdr\/wp-content\/uploads\/2021\/06\/IMG_20201209_165642-100x100.jpg 100w\" sizes=\"(max-width: 300px) 100vw, 300px\" \/><\/a>\n\t\t\t<\/div><\/figure><figure class='gallery-item'>\n\t\t\t<div class='gallery-icon landscape'>\n\t\t\t\t<a data-elementor-open-lightbox=\"yes\" data-elementor-lightbox-slideshow=\"3f3c2c0\" data-elementor-lightbox-title=\"IMG-20200726-WA0039\" data-e-action-hash=\"#elementor-action%3Aaction%3Dlightbox%26settings%3DeyJpZCI6MzAxOSwidXJsIjoiaHR0cHM6XC9cL2NlZGVyLm9yZy5wZVwvcGRyXC93cC1jb250ZW50XC91cGxvYWRzXC8yMDIxXC8wNlwvSU1HLTIwMjAwNzI2LVdBMDAzOS5qcGciLCJzbGlkZXNob3ciOiIzZjNjMmMwIn0%3D\" href='https:\/\/ceder.org.pe\/pdr\/wp-content\/uploads\/2021\/06\/IMG-20200726-WA0039.jpg'><img loading=\"lazy\" decoding=\"async\" width=\"300\" height=\"300\" src=\"https:\/\/ceder.org.pe\/pdr\/wp-content\/uploads\/2021\/06\/IMG-20200726-WA0039-300x300.jpg\" class=\"attachment-woocommerce_thumbnail size-woocommerce_thumbnail\" alt=\"\" srcset=\"https:\/\/ceder.org.pe\/pdr\/wp-content\/uploads\/2021\/06\/IMG-20200726-WA0039-300x300.jpg 300w, https:\/\/ceder.org.pe\/pdr\/wp-content\/uploads\/2021\/06\/IMG-20200726-WA0039-150x150.jpg 150w, https:\/\/ceder.org.pe\/pdr\/wp-content\/uploads\/2021\/06\/IMG-20200726-WA0039-100x100.jpg 100w\" sizes=\"(max-width: 300px) 100vw, 300px\" \/><\/a>\n\t\t\t<\/div><\/figure><figure class='gallery-item'>\n\t\t\t<div class='gallery-icon landscape'>\n\t\t\t\t<a data-elementor-open-lightbox=\"yes\" data-elementor-lightbox-slideshow=\"3f3c2c0\" data-elementor-lightbox-title=\"IMG-20201113-WA0007\" data-e-action-hash=\"#elementor-action%3Aaction%3Dlightbox%26settings%3DeyJpZCI6MzAyMSwidXJsIjoiaHR0cHM6XC9cL2NlZGVyLm9yZy5wZVwvcGRyXC93cC1jb250ZW50XC91cGxvYWRzXC8yMDIxXC8wNlwvSU1HLTIwMjAxMTEzLVdBMDAwNy5qcGciLCJzbGlkZXNob3ciOiIzZjNjMmMwIn0%3D\" href='https:\/\/ceder.org.pe\/pdr\/wp-content\/uploads\/2021\/06\/IMG-20201113-WA0007.jpg'><img loading=\"lazy\" decoding=\"async\" width=\"300\" height=\"300\" src=\"https:\/\/ceder.org.pe\/pdr\/wp-content\/uploads\/2021\/06\/IMG-20201113-WA0007-300x300.jpg\" class=\"attachment-woocommerce_thumbnail size-woocommerce_thumbnail\" alt=\"\" srcset=\"https:\/\/ceder.org.pe\/pdr\/wp-content\/uploads\/2021\/06\/IMG-20201113-WA0007-300x300.jpg 300w, https:\/\/ceder.org.pe\/pdr\/wp-content\/uploads\/2021\/06\/IMG-20201113-WA0007-150x150.jpg 150w, https:\/\/ceder.org.pe\/pdr\/wp-content\/uploads\/2021\/06\/IMG-20201113-WA0007-100x100.jpg 100w\" sizes=\"(max-width: 300px) 100vw, 300px\" \/><\/a>\n\t\t\t<\/div><\/figure><figure class='gallery-item'>\n\t\t\t<div class='gallery-icon landscape'>\n\t\t\t\t<a data-elementor-open-lightbox=\"yes\" data-elementor-lightbox-slideshow=\"3f3c2c0\" data-elementor-lightbox-title=\"WhatsApp Image 2020-12-08 at 6.21.53 PM\" data-e-action-hash=\"#elementor-action%3Aaction%3Dlightbox%26settings%3DeyJpZCI6MzAyMiwidXJsIjoiaHR0cHM6XC9cL2NlZGVyLm9yZy5wZVwvcGRyXC93cC1jb250ZW50XC91cGxvYWRzXC8yMDIxXC8wNlwvV2hhdHNBcHAtSW1hZ2UtMjAyMC0xMi0wOC1hdC02LjIxLjUzLVBNLmpwZWciLCJzbGlkZXNob3ciOiIzZjNjMmMwIn0%3D\" href='https:\/\/ceder.org.pe\/pdr\/wp-content\/uploads\/2021\/06\/WhatsApp-Image-2020-12-08-at-6.21.53-PM.jpeg'><img loading=\"lazy\" decoding=\"async\" width=\"300\" height=\"300\" src=\"https:\/\/ceder.org.pe\/pdr\/wp-content\/uploads\/2021\/06\/WhatsApp-Image-2020-12-08-at-6.21.53-PM-300x300.jpeg\" class=\"attachment-woocommerce_thumbnail size-woocommerce_thumbnail\" alt=\"\" srcset=\"https:\/\/ceder.org.pe\/pdr\/wp-content\/uploads\/2021\/06\/WhatsApp-Image-2020-12-08-at-6.21.53-PM-300x300.jpeg 300w, https:\/\/ceder.org.pe\/pdr\/wp-content\/uploads\/2021\/06\/WhatsApp-Image-2020-12-08-at-6.21.53-PM-150x150.jpeg 150w, https:\/\/ceder.org.pe\/pdr\/wp-content\/uploads\/2021\/06\/WhatsApp-Image-2020-12-08-at-6.21.53-PM-100x100.jpeg 100w\" sizes=\"(max-width: 300px) 100vw, 300px\" \/><\/a>\n\t\t\t<\/div><\/figure>\n\t\t<\/div>\n\t\t<\/div>\n\t\t\t\t\t\t<\/div>\n\t\t\t\t<\/div>\n\t\t\t\t\t<\/div>\n\t\t<\/div>\n\t\t\t\t\t<\/div>\n\t\t<\/section>\n\t\t\t\t<section class=\"elementor-section elementor-top-section elementor-element elementor-element-5bf64f44 elementor-section-boxed elementor-section-height-default elementor-section-height-default\" data-id=\"5bf64f44\" data-element_type=\"section\" data-settings=\"{&quot;background_background&quot;:&quot;classic&quot;}\">\n\t\t\t\t\t\t<div class=\"elementor-container elementor-column-gap-default\">\n\t\t\t\t\t<div class=\"elementor-column elementor-col-100 elementor-top-column elementor-element elementor-element-b994a7d\" data-id=\"b994a7d\" data-element_type=\"column\">\n\t\t\t<div class=\"elementor-widget-wrap elementor-element-populated\">\n\t\t\t\t\t\t\t<\/div>\n\t\t<\/div>\n\t\t\t\t\t<\/div>\n\t\t<\/section>\n\t\t\t\t<section class=\"elementor-section elementor-top-section elementor-element elementor-element-3879dfe9 elementor-reverse-tablet elementor-reverse-mobile elementor-section-boxed elementor-section-height-default elementor-section-height-default\" data-id=\"3879dfe9\" data-element_type=\"section\">\n\t\t\t\t\t\t<div class=\"elementor-container elementor-column-gap-default\">\n\t\t\t\t\t<div class=\"elementor-column elementor-col-33 elementor-top-column elementor-element elementor-element-61b991e1\" data-id=\"61b991e1\" data-element_type=\"column\">\n\t\t\t<div class=\"elementor-widget-wrap elementor-element-populated\">\n\t\t\t\t\t\t<div class=\"elementor-element elementor-element-7fed6b31 elementor-widget elementor-widget-heading\" data-id=\"7fed6b31\" data-element_type=\"widget\" data-widget_type=\"heading.default\">\n\t\t\t\t<div class=\"elementor-widget-container\">\n\t\t\t\t\t<h5 class=\"elementor-heading-title elementor-size-default\">Cont\u00e1ctenos<\/h5>\t\t\t\t<\/div>\n\t\t\t\t<\/div>\n\t\t\t\t<div class=\"elementor-element elementor-element-f804c4b elementor-widget elementor-widget-image\" data-id=\"f804c4b\" data-element_type=\"widget\" data-widget_type=\"image.default\">\n\t\t\t\t<div class=\"elementor-widget-container\">\n\t\t\t\t\t\t\t\t\t\t\t\t\t\t\t\t<a href=\"https:\/\/ceder.org.pe\/pdr\">\n\t\t\t\t\t\t\t<img loading=\"lazy\" decoding=\"async\" width=\"150\" height=\"150\" src=\"https:\/\/ceder.org.pe\/pdr\/wp-content\/uploads\/2021\/06\/cropped-cropped-MicrosoftTeams-image-13-150x150.png\" class=\"attachment-thumbnail size-thumbnail wp-image-2578\" alt=\"\" srcset=\"https:\/\/ceder.org.pe\/pdr\/wp-content\/uploads\/2021\/06\/cropped-cropped-MicrosoftTeams-image-13-150x150.png 150w, https:\/\/ceder.org.pe\/pdr\/wp-content\/uploads\/2021\/06\/cropped-cropped-MicrosoftTeams-image-13-300x300.png 300w, https:\/\/ceder.org.pe\/pdr\/wp-content\/uploads\/2021\/06\/cropped-cropped-MicrosoftTeams-image-13-100x100.png 100w, https:\/\/ceder.org.pe\/pdr\/wp-content\/uploads\/2021\/06\/cropped-cropped-MicrosoftTeams-image-13-140x140.png 140w, https:\/\/ceder.org.pe\/pdr\/wp-content\/uploads\/2021\/06\/cropped-cropped-MicrosoftTeams-image-13.png 512w\" sizes=\"(max-width: 150px) 100vw, 150px\" \/>\t\t\t\t\t\t\t\t<\/a>\n\t\t\t\t\t\t\t\t\t\t\t\t\t\t\t<\/div>\n\t\t\t\t<\/div>\n\t\t\t\t<div class=\"elementor-element elementor-element-1718c641 elementor-widget elementor-widget-text-editor\" data-id=\"1718c641\" data-element_type=\"widget\" data-widget_type=\"text-editor.default\">\n\t\t\t\t<div class=\"elementor-widget-container\">\n\t\t\t\t\t\t\t\t\t<p><strong>CEDER<\/strong><\/p><p>Urb. Aurora F-13\u00a0<\/p><p>www.ceder.org.pe<\/p><p>Tel\u00e9fono; 289405<\/p><p>Email: ceder@ceder.org.pe<\/p>\t\t\t\t\t\t\t\t<\/div>\n\t\t\t\t<\/div>\n\t\t\t\t<div class=\"elementor-element elementor-element-30407be5 elementor-widget elementor-widget-text-editor\" data-id=\"30407be5\" data-element_type=\"widget\" data-widget_type=\"text-editor.default\">\n\t\t\t\t<div class=\"elementor-widget-container\">\n\t\t\t\t\t\t\t\t\t<p><strong>El Taller\u00a0<\/strong><\/p><p>Urb. Caba\u00f1a Mar\u00eda J-5<\/p><p>II etapa<\/p><p>Tel\u00e9fono: 201363<\/p><p>www.eltalller.org.pe<\/p>\t\t\t\t\t\t\t\t<\/div>\n\t\t\t\t<\/div>\n\t\t\t\t<div class=\"elementor-element elementor-element-1017e8ac elementor-widget elementor-widget-text-editor\" data-id=\"1017e8ac\" data-element_type=\"widget\" data-widget_type=\"text-editor.default\">\n\t\t\t\t<div class=\"elementor-widget-container\">\n\t\t\t\t\t\t\t\t\t<p><strong>Svalorna Latinamerika\u00a0<\/strong><\/p><p>Apto 1351<\/p><p>Calle Mercaderes 328<\/p><p>Int. C-7 Arequipa\u00a0<\/p><p>Celular: 958 327 500<\/p>\t\t\t\t\t\t\t\t<\/div>\n\t\t\t\t<\/div>\n\t\t\t\t\t<\/div>\n\t\t<\/div>\n\t\t\t\t<div class=\"elementor-column elementor-col-33 elementor-top-column elementor-element elementor-element-64f0aed4\" data-id=\"64f0aed4\" data-element_type=\"column\">\n\t\t\t<div class=\"elementor-widget-wrap elementor-element-populated\">\n\t\t\t\t\t\t<div class=\"elementor-element elementor-element-5ee448cf elementor-widget elementor-widget-heading\" data-id=\"5ee448cf\" data-element_type=\"widget\" data-widget_type=\"heading.default\">\n\t\t\t\t<div class=\"elementor-widget-container\">\n\t\t\t\t\t<h5 class=\"elementor-heading-title elementor-size-default\">Redes Sociales <\/h5>\t\t\t\t<\/div>\n\t\t\t\t<\/div>\n\t\t\t\t<div class=\"elementor-element elementor-element-1a3f31ec elementor-shape-circle elementor-grid-1 e-grid-align-center elementor-widget elementor-widget-social-icons\" data-id=\"1a3f31ec\" data-element_type=\"widget\" data-widget_type=\"social-icons.default\">\n\t\t\t\t<div class=\"elementor-widget-container\">\n\t\t\t\t\t\t\t<div class=\"elementor-social-icons-wrapper elementor-grid\">\n\t\t\t\t\t\t\t<span class=\"elementor-grid-item\">\n\t\t\t\t\t<a class=\"elementor-icon elementor-social-icon elementor-social-icon-facebook elementor-repeater-item-615e29a\" href=\"https:\/\/www.facebook.com\/pdrarequipa2\" target=\"_blank\">\n\t\t\t\t\t\t<span class=\"elementor-screen-only\">Facebook<\/span>\n\t\t\t\t\t\t<i class=\"fab fa-facebook\"><\/i>\t\t\t\t\t<\/a>\n\t\t\t\t<\/span>\n\t\t\t\t\t\t\t<span class=\"elementor-grid-item\">\n\t\t\t\t\t<a class=\"elementor-icon elementor-social-icon elementor-social-icon-youtube elementor-repeater-item-5204c15\" href=\"https:\/\/www.youtube.com\/channel\/UCjupM4iySsF2DqJY4JlVjow\" target=\"_blank\">\n\t\t\t\t\t\t<span class=\"elementor-screen-only\">Youtube<\/span>\n\t\t\t\t\t\t<i class=\"fab fa-youtube\"><\/i>\t\t\t\t\t<\/a>\n\t\t\t\t<\/span>\n\t\t\t\t\t\t\t<span class=\"elementor-grid-item\">\n\t\t\t\t\t<a class=\"elementor-icon elementor-social-icon elementor-social-icon-instagram elementor-repeater-item-211b8d7\" href=\"https:\/\/www.instagram.com\/pdrarequipa\/?hl=es-la\" target=\"_blank\">\n\t\t\t\t\t\t<span class=\"elementor-screen-only\">Instagram<\/span>\n\t\t\t\t\t\t<i class=\"fab fa-instagram\"><\/i>\t\t\t\t\t<\/a>\n\t\t\t\t<\/span>\n\t\t\t\t\t<\/div>\n\t\t\t\t\t\t<\/div>\n\t\t\t\t<\/div>\n\t\t\t\t\t<\/div>\n\t\t<\/div>\n\t\t\t\t<div class=\"elementor-column elementor-col-33 elementor-top-column elementor-element elementor-element-1de8a5bd\" data-id=\"1de8a5bd\" data-element_type=\"column\">\n\t\t\t<div class=\"elementor-widget-wrap elementor-element-populated\">\n\t\t\t\t\t\t<div class=\"elementor-element elementor-element-b68b3d0 elementor-align-center elementor-list-item-link-full_width elementor-widget elementor-widget-icon-list\" data-id=\"b68b3d0\" data-element_type=\"widget\" data-widget_type=\"icon-list.default\">\n\t\t\t\t<div class=\"elementor-widget-container\">\n\t\t\t\t\t\t\t<ul class=\"elementor-icon-list-items\">\n\t\t\t\t\t\t\t<li class=\"elementor-icon-list-item\">\n\t\t\t\t\t\t\t\t\t\t\t<a href=\"https:\/\/ceder.org.pe\/pdr\/quienes-somos\/\">\n\n\t\t\t\t\t\t\t\t\t\t\t\t<span class=\"elementor-icon-list-icon\">\n\t\t\t\t\t\t\t<i aria-hidden=\"true\" class=\"far fa-user\"><\/i>\t\t\t\t\t\t<\/span>\n\t\t\t\t\t\t\t\t\t\t<span class=\"elementor-icon-list-text\">\u00bfQui\u00e9nes somos?<\/span>\n\t\t\t\t\t\t\t\t\t\t\t<\/a>\n\t\t\t\t\t\t\t\t\t<\/li>\n\t\t\t\t\t\t\t\t<li class=\"elementor-icon-list-item\">\n\t\t\t\t\t\t\t\t\t\t\t<a href=\"https:\/\/ceder.org.pe\/pdr\/que-buscamos\/\">\n\n\t\t\t\t\t\t\t\t\t\t\t\t<span class=\"elementor-icon-list-icon\">\n\t\t\t\t\t\t\t<i aria-hidden=\"true\" class=\"fas fa-tools\"><\/i>\t\t\t\t\t\t<\/span>\n\t\t\t\t\t\t\t\t\t\t<span class=\"elementor-icon-list-text\">\u00bfQu\u00e9 hacemos?<\/span>\n\t\t\t\t\t\t\t\t\t\t\t<\/a>\n\t\t\t\t\t\t\t\t\t<\/li>\n\t\t\t\t\t\t\t\t<li class=\"elementor-icon-list-item\">\n\t\t\t\t\t\t\t\t\t\t\t<a href=\"https:\/\/ceder.org.pe\/pdr\/organizaciones\/\">\n\n\t\t\t\t\t\t\t\t\t\t\t\t<span class=\"elementor-icon-list-icon\">\n\t\t\t\t\t\t\t<i aria-hidden=\"true\" class=\"fas fa-globe-americas\"><\/i>\t\t\t\t\t\t<\/span>\n\t\t\t\t\t\t\t\t\t\t<span class=\"elementor-icon-list-text\">Organizaciones <\/span>\n\t\t\t\t\t\t\t\t\t\t\t<\/a>\n\t\t\t\t\t\t\t\t\t<\/li>\n\t\t\t\t\t\t\t\t<li class=\"elementor-icon-list-item\">\n\t\t\t\t\t\t\t\t\t\t\t<a href=\"https:\/\/ceder.org.pe\/pdr\/testimonios-2\/\">\n\n\t\t\t\t\t\t\t\t\t\t\t\t<span class=\"elementor-icon-list-icon\">\n\t\t\t\t\t\t\t<i aria-hidden=\"true\" class=\"far fa-newspaper\"><\/i>\t\t\t\t\t\t<\/span>\n\t\t\t\t\t\t\t\t\t\t<span class=\"elementor-icon-list-text\">Noticias <\/span>\n\t\t\t\t\t\t\t\t\t\t\t<\/a>\n\t\t\t\t\t\t\t\t\t<\/li>\n\t\t\t\t\t\t<\/ul>\n\t\t\t\t\t\t<\/div>\n\t\t\t\t<\/div>\n\t\t\t\t\t<\/div>\n\t\t<\/div>\n\t\t\t\t\t<\/div>\n\t\t<\/section>\n\t\t\t\t<\/div>\n\t\t","protected":false},"excerpt":{"rendered":"<p>Componente II: Fortalecimiento de la Gesti\u00f3n Local Fortalece las capacidades de las mujeres, j\u00f3venes y adolescentes l\u00edderes de organizaciones para incrementar su participaci\u00f3n en espacios pol\u00edticos y locales, con propuestas viables para su territorio.\u00a0 15 asociaciones formalizadas y 20 grupos organizados. Haciendo un total de 667 personas del grupo meta que participan de las diversas [&hellip;]<\/p>\n","protected":false},"author":1,"featured_media":0,"parent":0,"menu_order":0,"comment_status":"closed","ping_status":"closed","template":"","meta":{"site-sidebar-layout":"no-sidebar","site-content-layout":"page-builder","ast-site-content-layout":"","site-content-style":"default","site-sidebar-style":"default","ast-global-header-display":"","ast-banner-title-visibility":"","ast-main-header-display":"","ast-hfb-above-header-display":"","ast-hfb-below-header-display":"","ast-hfb-mobile-header-display":"","site-post-title":"disabled","ast-breadcrumbs-content":"","ast-featured-img":"disabled","footer-sml-layout":"","theme-transparent-header-meta":"","adv-header-id-meta":"","stick-header-meta":"","header-above-stick-meta":"","header-main-stick-meta":"","header-below-stick-meta":"","astra-migrate-meta-layouts":"default","ast-page-background-enabled":"default","ast-page-background-meta":{"desktop":{"background-color":"var(--ast-global-color-4)","background-image":"","background-repeat":"repeat","background-position":"center center","background-size":"auto","background-attachment":"scroll","background-type":"","background-media":"","overlay-type":"","overlay-color":"","overlay-opacity":"","overlay-gradient":""},"tablet":{"background-color":"","background-image":"","background-repeat":"repeat","background-position":"center center","background-size":"auto","background-attachment":"scroll","background-type":"","background-media":"","overlay-type":"","overlay-color":"","overlay-opacity":"","overlay-gradient":""},"mobile":{"background-color":"","background-image":"","background-repeat":"repeat","background-position":"center center","background-size":"auto","background-attachment":"scroll","background-type":"","background-media":"","overlay-type":"","overlay-color":"","overlay-opacity":"","overlay-gradient":""}},"ast-content-background-meta":{"desktop":{"background-color":"var(--ast-global-color-5)","background-image":"","background-repeat":"repeat","background-position":"center center","background-size":"auto","background-attachment":"scroll","background-type":"","background-media":"","overlay-type":"","overlay-color":"","overlay-opacity":"","overlay-gradient":""},"tablet":{"background-color":"var(--ast-global-color-5)","background-image":"","background-repeat":"repeat","background-position":"center center","background-size":"auto","background-attachment":"scroll","background-type":"","background-media":"","overlay-type":"","overlay-color":"","overlay-opacity":"","overlay-gradient":""},"mobile":{"background-color":"var(--ast-global-color-5)","background-image":"","background-repeat":"repeat","background-position":"center center","background-size":"auto","background-attachment":"scroll","background-type":"","background-media":"","overlay-type":"","overlay-color":"","overlay-opacity":"","overlay-gradient":""}},"footnotes":""},"class_list":["post-2611","page","type-page","status-publish","hentry"],"_links":{"self":[{"href":"https:\/\/ceder.org.pe\/pdr\/wp-json\/wp\/v2\/pages\/2611","targetHints":{"allow":["GET"]}}],"collection":[{"href":"https:\/\/ceder.org.pe\/pdr\/wp-json\/wp\/v2\/pages"}],"about":[{"href":"https:\/\/ceder.org.pe\/pdr\/wp-json\/wp\/v2\/types\/page"}],"author":[{"embeddable":true,"href":"https:\/\/ceder.org.pe\/pdr\/wp-json\/wp\/v2\/users\/1"}],"replies":[{"embeddable":true,"href":"https:\/\/ceder.org.pe\/pdr\/wp-json\/wp\/v2\/comments?post=2611"}],"version-history":[{"count":36,"href":"https:\/\/ceder.org.pe\/pdr\/wp-json\/wp\/v2\/pages\/2611\/revisions"}],"predecessor-version":[{"id":3225,"href":"https:\/\/ceder.org.pe\/pdr\/wp-json\/wp\/v2\/pages\/2611\/revisions\/3225"}],"wp:attachment":[{"href":"https:\/\/ceder.org.pe\/pdr\/wp-json\/wp\/v2\/media?parent=2611"}],"curies":[{"name":"wp","href":"https:\/\/api.w.org\/{rel}","templated":true}]}}