{"id":2541,"date":"2021-05-31T16:08:54","date_gmt":"2021-05-31T16:08:54","guid":{"rendered":"https:\/\/ceder.org.pe\/pdr\/?page_id=2541"},"modified":"2021-07-21T15:56:30","modified_gmt":"2021-07-21T15:56:30","slug":"organizaciones","status":"publish","type":"page","link":"https:\/\/ceder.org.pe\/pdr\/organizaciones\/","title":{"rendered":"Organizaciones"},"content":{"rendered":"\t\t<div data-elementor-type=\"wp-page\" data-elementor-id=\"2541\" class=\"elementor elementor-2541\">\n\t\t\t\t\t\t<section class=\"elementor-section elementor-top-section elementor-element elementor-element-9ea8d4e elementor-section-boxed elementor-section-height-default elementor-section-height-default\" data-id=\"9ea8d4e\" data-element_type=\"section\">\n\t\t\t\t\t\t<div class=\"elementor-container elementor-column-gap-default\">\n\t\t\t\t\t<div class=\"elementor-column elementor-col-100 elementor-top-column elementor-element elementor-element-82fc639\" data-id=\"82fc639\" data-element_type=\"column\">\n\t\t\t<div class=\"elementor-widget-wrap elementor-element-populated\">\n\t\t\t\t\t\t<div class=\"elementor-element elementor-element-1e004e0 elementor-widget elementor-widget-heading\" data-id=\"1e004e0\" data-element_type=\"widget\" data-widget_type=\"heading.default\">\n\t\t\t\t<div class=\"elementor-widget-container\">\n\t\t\t\t\t<h3 class=\"elementor-heading-title elementor-size-default\">Organizaciones que conforman el PDR III<\/h3>\t\t\t\t<\/div>\n\t\t\t\t<\/div>\n\t\t\t\t\t<\/div>\n\t\t<\/div>\n\t\t\t\t\t<\/div>\n\t\t<\/section>\n\t\t\t\t<section class=\"elementor-section elementor-top-section elementor-element elementor-element-38fec8e elementor-section-boxed elementor-section-height-default elementor-section-height-default\" data-id=\"38fec8e\" data-element_type=\"section\">\n\t\t\t\t\t\t<div class=\"elementor-container elementor-column-gap-default\">\n\t\t\t\t\t<div class=\"elementor-column elementor-col-50 elementor-top-column elementor-element elementor-element-2f928c70 elementor-invisible\" data-id=\"2f928c70\" data-element_type=\"column\" data-settings=\"{&quot;animation&quot;:&quot;fadeInLeft&quot;}\">\n\t\t\t<div class=\"elementor-widget-wrap elementor-element-populated\">\n\t\t\t\t\t\t<div class=\"elementor-element elementor-element-68ef8f09 elementor-invisible elementor-widget elementor-widget-image\" data-id=\"68ef8f09\" data-element_type=\"widget\" data-settings=\"{&quot;_animation&quot;:&quot;fadeInLeft&quot;}\" data-widget_type=\"image.default\">\n\t\t\t\t<div class=\"elementor-widget-container\">\n\t\t\t\t\t\t\t\t\t\t\t\t\t\t\t\t<a href=\"https:\/\/www.svalorna.se\/\">\n\t\t\t\t\t\t\t<img fetchpriority=\"high\" decoding=\"async\" width=\"400\" height=\"164\" src=\"https:\/\/ceder.org.pe\/pdr\/wp-content\/uploads\/2021\/06\/Logo_Svalorna.jpg\" class=\"attachment-large size-large wp-image-2698\" alt=\"\" srcset=\"https:\/\/ceder.org.pe\/pdr\/wp-content\/uploads\/2021\/06\/Logo_Svalorna.jpg 400w, https:\/\/ceder.org.pe\/pdr\/wp-content\/uploads\/2021\/06\/Logo_Svalorna-300x123.jpg 300w\" sizes=\"(max-width: 400px) 100vw, 400px\" \/>\t\t\t\t\t\t\t\t<\/a>\n\t\t\t\t\t\t\t\t\t\t\t\t\t\t\t<\/div>\n\t\t\t\t<\/div>\n\t\t\t\t\t<\/div>\n\t\t<\/div>\n\t\t\t\t<div class=\"elementor-column elementor-col-50 elementor-top-column elementor-element elementor-element-1c176c8d elementor-invisible\" data-id=\"1c176c8d\" data-element_type=\"column\" data-settings=\"{&quot;animation&quot;:&quot;fadeInRight&quot;}\">\n\t\t\t<div class=\"elementor-widget-wrap elementor-element-populated\">\n\t\t\t\t\t\t<div class=\"elementor-element elementor-element-7f0b925 elementor-invisible elementor-widget elementor-widget-text-editor\" data-id=\"7f0b925\" data-element_type=\"widget\" data-settings=\"{&quot;_animation&quot;:&quot;fadeInRight&quot;}\" data-widget_type=\"text-editor.default\">\n\t\t\t\t<div class=\"elementor-widget-container\">\n\t\t\t\t\t\t\t\t\t<p>Organizaci\u00f3n sueca, que trabaja con programas de cooperaci\u00f3n en Bolivia, Nicaragua y Per\u00fa; para reducir la pobreza y eliminar sus causas, a trav\u00e9s de la asociaci\u00f3n con ONG\u00b4s locales, juntos\u00a0 creamos oportunidades para que mujeres, ni\u00f1os, ni\u00f1as, adolescentes mejoren sus condiciones de vida.<\/p>\t\t\t\t\t\t\t\t<\/div>\n\t\t\t\t<\/div>\n\t\t\t\t\t<\/div>\n\t\t<\/div>\n\t\t\t\t\t<\/div>\n\t\t<\/section>\n\t\t\t\t<section class=\"elementor-section elementor-top-section elementor-element elementor-element-930752e elementor-section-boxed elementor-section-height-default elementor-section-height-default\" data-id=\"930752e\" data-element_type=\"section\">\n\t\t\t\t\t\t<div class=\"elementor-container elementor-column-gap-default\">\n\t\t\t\t\t<div class=\"elementor-column elementor-col-50 elementor-top-column elementor-element elementor-element-eb38b65\" data-id=\"eb38b65\" data-element_type=\"column\">\n\t\t\t<div class=\"elementor-widget-wrap elementor-element-populated\">\n\t\t\t\t\t\t<div class=\"elementor-element elementor-element-a0dbcae elementor-widget elementor-widget-image\" data-id=\"a0dbcae\" data-element_type=\"widget\" data-widget_type=\"image.default\">\n\t\t\t\t<div class=\"elementor-widget-container\">\n\t\t\t\t\t\t\t\t\t\t\t\t\t\t\t<img decoding=\"async\" width=\"232\" height=\"80\" src=\"https:\/\/ceder.org.pe\/pdr\/wp-content\/uploads\/2021\/06\/MicrosoftTeams-image-13-1.png\" class=\"attachment-large size-large wp-image-2699\" alt=\"\" \/>\t\t\t\t\t\t\t\t\t\t\t\t\t\t\t<\/div>\n\t\t\t\t<\/div>\n\t\t\t\t\t<\/div>\n\t\t<\/div>\n\t\t\t\t<div class=\"elementor-column elementor-col-50 elementor-top-column elementor-element elementor-element-95603bd\" data-id=\"95603bd\" data-element_type=\"column\">\n\t\t\t<div class=\"elementor-widget-wrap elementor-element-populated\">\n\t\t\t\t\t\t<div class=\"elementor-element elementor-element-fb81915 elementor-widget elementor-widget-text-editor\" data-id=\"fb81915\" data-element_type=\"widget\" data-widget_type=\"text-editor.default\">\n\t\t\t\t<div class=\"elementor-widget-container\">\n\t\t\t\t\t\t\t\t\t<p>Asociaci\u00f3n de Promoci\u00f3n y Desarrollo es una ONG que est\u00e1 embarcada en el logro de una sociedad m\u00e1s justa y equitativa, por ello su esfuerzo se centra en suscitar el desarrollo de emprendimientos individuales y colectivos, generando a su vez corrientes humanas eficientes, creadoras y solidarias, incluyendo a los actores dentro de redes institucionales m\u00e1s amplias.<\/p>\t\t\t\t\t\t\t\t<\/div>\n\t\t\t\t<\/div>\n\t\t\t\t\t<\/div>\n\t\t<\/div>\n\t\t\t\t\t<\/div>\n\t\t<\/section>\n\t\t\t\t<section class=\"elementor-section elementor-top-section elementor-element elementor-element-874cdad elementor-section-boxed elementor-section-height-default elementor-section-height-default\" data-id=\"874cdad\" data-element_type=\"section\">\n\t\t\t\t\t\t<div class=\"elementor-container elementor-column-gap-default\">\n\t\t\t\t\t<div class=\"elementor-column elementor-col-50 elementor-top-column elementor-element elementor-element-6a697cf elementor-invisible\" data-id=\"6a697cf\" data-element_type=\"column\" data-settings=\"{&quot;animation&quot;:&quot;fadeInLeft&quot;}\">\n\t\t\t<div class=\"elementor-widget-wrap elementor-element-populated\">\n\t\t\t\t\t\t<div class=\"elementor-element elementor-element-9e55dd6 elementor-widget elementor-widget-image\" data-id=\"9e55dd6\" data-element_type=\"widget\" data-widget_type=\"image.default\">\n\t\t\t\t<div class=\"elementor-widget-container\">\n\t\t\t\t\t\t\t\t\t\t\t\t\t\t\t<img decoding=\"async\" width=\"513\" height=\"190\" src=\"https:\/\/ceder.org.pe\/pdr\/wp-content\/uploads\/2021\/06\/ceder.png\" class=\"attachment-large size-large wp-image-2700\" alt=\"\" srcset=\"https:\/\/ceder.org.pe\/pdr\/wp-content\/uploads\/2021\/06\/ceder.png 513w, https:\/\/ceder.org.pe\/pdr\/wp-content\/uploads\/2021\/06\/ceder-300x111.png 300w\" sizes=\"(max-width: 513px) 100vw, 513px\" \/>\t\t\t\t\t\t\t\t\t\t\t\t\t\t\t<\/div>\n\t\t\t\t<\/div>\n\t\t\t\t\t<\/div>\n\t\t<\/div>\n\t\t\t\t<div class=\"elementor-column elementor-col-50 elementor-top-column elementor-element elementor-element-aa6b1e7 elementor-invisible\" data-id=\"aa6b1e7\" data-element_type=\"column\" data-settings=\"{&quot;animation&quot;:&quot;fadeInRight&quot;}\">\n\t\t\t<div class=\"elementor-widget-wrap elementor-element-populated\">\n\t\t\t\t\t\t<div class=\"elementor-element elementor-element-1729b54 elementor-invisible elementor-widget elementor-widget-text-editor\" data-id=\"1729b54\" data-element_type=\"widget\" data-settings=\"{&quot;_animation&quot;:&quot;fadeInRight&quot;}\" data-widget_type=\"text-editor.default\">\n\t\t\t\t<div class=\"elementor-widget-container\">\n\t\t\t\t\t\t\t\t\t<p>El\u00a0 Centro de Estudios para el Desarrollo Regional, fundado en 1993, es una ONG que identifica, construye y valida propuestas de desarrollo humano sostenible y ejecuta proyectos de desarrollo para mejorar las condiciones de vida de los pobladores en situaci\u00f3n de pobreza, as\u00ed como realizar investigaci\u00f3n socio cultural y tecnol\u00f3gico, a fin de promover alternativas para el desarrollo local, regional y nacional.<\/p>\t\t\t\t\t\t\t\t<\/div>\n\t\t\t\t<\/div>\n\t\t\t\t\t<\/div>\n\t\t<\/div>\n\t\t\t\t\t<\/div>\n\t\t<\/section>\n\t\t\t\t<section class=\"elementor-section elementor-top-section elementor-element elementor-element-cfb1f53 elementor-section-boxed elementor-section-height-default elementor-section-height-default\" data-id=\"cfb1f53\" data-element_type=\"section\" data-settings=\"{&quot;background_background&quot;:&quot;classic&quot;}\">\n\t\t\t\t\t\t<div class=\"elementor-container elementor-column-gap-default\">\n\t\t\t\t\t<div class=\"elementor-column elementor-col-100 elementor-top-column elementor-element elementor-element-4fb64c20\" data-id=\"4fb64c20\" data-element_type=\"column\">\n\t\t\t<div class=\"elementor-widget-wrap elementor-element-populated\">\n\t\t\t\t\t\t\t<\/div>\n\t\t<\/div>\n\t\t\t\t\t<\/div>\n\t\t<\/section>\n\t\t\t\t<section class=\"elementor-section elementor-top-section elementor-element elementor-element-67d603fc elementor-reverse-tablet elementor-reverse-mobile elementor-section-boxed elementor-section-height-default elementor-section-height-default\" data-id=\"67d603fc\" data-element_type=\"section\">\n\t\t\t\t\t\t<div class=\"elementor-container elementor-column-gap-default\">\n\t\t\t\t\t<div class=\"elementor-column elementor-col-33 elementor-top-column elementor-element elementor-element-7c73539\" data-id=\"7c73539\" data-element_type=\"column\">\n\t\t\t<div class=\"elementor-widget-wrap elementor-element-populated\">\n\t\t\t\t\t\t<div class=\"elementor-element elementor-element-517acf8 elementor-widget elementor-widget-heading\" data-id=\"517acf8\" data-element_type=\"widget\" data-widget_type=\"heading.default\">\n\t\t\t\t<div class=\"elementor-widget-container\">\n\t\t\t\t\t<h5 class=\"elementor-heading-title elementor-size-default\">Cont\u00e1ctenos<\/h5>\t\t\t\t<\/div>\n\t\t\t\t<\/div>\n\t\t\t\t<div class=\"elementor-element elementor-element-31c5b92a elementor-widget elementor-widget-image\" data-id=\"31c5b92a\" data-element_type=\"widget\" data-widget_type=\"image.default\">\n\t\t\t\t<div class=\"elementor-widget-container\">\n\t\t\t\t\t\t\t\t\t\t\t\t\t\t\t<img loading=\"lazy\" decoding=\"async\" width=\"150\" height=\"150\" src=\"https:\/\/ceder.org.pe\/pdr\/wp-content\/uploads\/2021\/06\/cropped-cropped-MicrosoftTeams-image-13-150x150.png\" class=\"attachment-thumbnail size-thumbnail wp-image-2578\" alt=\"\" srcset=\"https:\/\/ceder.org.pe\/pdr\/wp-content\/uploads\/2021\/06\/cropped-cropped-MicrosoftTeams-image-13-150x150.png 150w, https:\/\/ceder.org.pe\/pdr\/wp-content\/uploads\/2021\/06\/cropped-cropped-MicrosoftTeams-image-13-300x300.png 300w, https:\/\/ceder.org.pe\/pdr\/wp-content\/uploads\/2021\/06\/cropped-cropped-MicrosoftTeams-image-13-100x100.png 100w, https:\/\/ceder.org.pe\/pdr\/wp-content\/uploads\/2021\/06\/cropped-cropped-MicrosoftTeams-image-13-140x140.png 140w, https:\/\/ceder.org.pe\/pdr\/wp-content\/uploads\/2021\/06\/cropped-cropped-MicrosoftTeams-image-13.png 512w\" sizes=\"(max-width: 150px) 100vw, 150px\" \/>\t\t\t\t\t\t\t\t\t\t\t\t\t\t\t<\/div>\n\t\t\t\t<\/div>\n\t\t\t\t<div class=\"elementor-element elementor-element-555ddbd elementor-widget elementor-widget-text-editor\" data-id=\"555ddbd\" data-element_type=\"widget\" data-widget_type=\"text-editor.default\">\n\t\t\t\t<div class=\"elementor-widget-container\">\n\t\t\t\t\t\t\t\t\t<p><strong>CEDER<\/strong><\/p><p>Urb. Aurora F-13\u00a0<\/p><p>www.ceder.org.pe<\/p><p>Tel\u00e9fono; 289405<\/p><p>Email: ceder@ceder.org.pe<\/p>\t\t\t\t\t\t\t\t<\/div>\n\t\t\t\t<\/div>\n\t\t\t\t<div class=\"elementor-element elementor-element-104e3065 elementor-widget elementor-widget-text-editor\" data-id=\"104e3065\" data-element_type=\"widget\" data-widget_type=\"text-editor.default\">\n\t\t\t\t<div class=\"elementor-widget-container\">\n\t\t\t\t\t\t\t\t\t<p><strong>El Taller\u00a0<\/strong><\/p><p>Urb. Caba\u00f1a Mar\u00eda J-5<\/p><p>II etapa<\/p><p>Tel\u00e9fono: 201363<\/p><p>www.eltalller.org.pe<\/p>\t\t\t\t\t\t\t\t<\/div>\n\t\t\t\t<\/div>\n\t\t\t\t<div class=\"elementor-element elementor-element-2185830 elementor-widget elementor-widget-text-editor\" data-id=\"2185830\" data-element_type=\"widget\" data-widget_type=\"text-editor.default\">\n\t\t\t\t<div class=\"elementor-widget-container\">\n\t\t\t\t\t\t\t\t\t<p><strong>Svalorna Latinamerika\u00a0<\/strong><\/p><p>Dpto 1351, Calle Mercaderes 328<\/p><p>Int. C-7 Arequipa\u00a0<\/p><p>Celular: 958 327 500<\/p><p>www.svalorna.se<\/p><p>\u00a0<\/p>\t\t\t\t\t\t\t\t<\/div>\n\t\t\t\t<\/div>\n\t\t\t\t\t<\/div>\n\t\t<\/div>\n\t\t\t\t<div class=\"elementor-column elementor-col-33 elementor-top-column elementor-element elementor-element-7577c9cb\" data-id=\"7577c9cb\" data-element_type=\"column\">\n\t\t\t<div class=\"elementor-widget-wrap elementor-element-populated\">\n\t\t\t\t\t\t<div class=\"elementor-element elementor-element-27550f3 elementor-widget elementor-widget-heading\" data-id=\"27550f3\" data-element_type=\"widget\" data-widget_type=\"heading.default\">\n\t\t\t\t<div class=\"elementor-widget-container\">\n\t\t\t\t\t<h5 class=\"elementor-heading-title elementor-size-default\">Redes Sociales<\/h5>\t\t\t\t<\/div>\n\t\t\t\t<\/div>\n\t\t\t\t<div class=\"elementor-element elementor-element-5e227b74 elementor-shape-circle elementor-grid-1 e-grid-align-center elementor-widget elementor-widget-social-icons\" data-id=\"5e227b74\" data-element_type=\"widget\" data-widget_type=\"social-icons.default\">\n\t\t\t\t<div class=\"elementor-widget-container\">\n\t\t\t\t\t\t\t<div class=\"elementor-social-icons-wrapper elementor-grid\">\n\t\t\t\t\t\t\t<span class=\"elementor-grid-item\">\n\t\t\t\t\t<a class=\"elementor-icon elementor-social-icon elementor-social-icon-facebook elementor-repeater-item-615e29a\" href=\"https:\/\/www.facebook.com\/pdrarequipa2\" target=\"_blank\">\n\t\t\t\t\t\t<span class=\"elementor-screen-only\">Facebook<\/span>\n\t\t\t\t\t\t<i class=\"fab fa-facebook\"><\/i>\t\t\t\t\t<\/a>\n\t\t\t\t<\/span>\n\t\t\t\t\t\t\t<span class=\"elementor-grid-item\">\n\t\t\t\t\t<a class=\"elementor-icon elementor-social-icon elementor-social-icon-youtube elementor-repeater-item-5204c15\" href=\"https:\/\/www.youtube.com\/channel\/UCjupM4iySsF2DqJY4JlVjow\" target=\"_blank\">\n\t\t\t\t\t\t<span class=\"elementor-screen-only\">Youtube<\/span>\n\t\t\t\t\t\t<i class=\"fab fa-youtube\"><\/i>\t\t\t\t\t<\/a>\n\t\t\t\t<\/span>\n\t\t\t\t\t\t\t<span class=\"elementor-grid-item\">\n\t\t\t\t\t<a class=\"elementor-icon elementor-social-icon elementor-social-icon-instagram elementor-repeater-item-211b8d7\" href=\"https:\/\/www.instagram.com\/pdrarequipa\/?hl=es-la\" target=\"_blank\">\n\t\t\t\t\t\t<span class=\"elementor-screen-only\">Instagram<\/span>\n\t\t\t\t\t\t<i class=\"fab fa-instagram\"><\/i>\t\t\t\t\t<\/a>\n\t\t\t\t<\/span>\n\t\t\t\t\t<\/div>\n\t\t\t\t\t\t<\/div>\n\t\t\t\t<\/div>\n\t\t\t\t\t<\/div>\n\t\t<\/div>\n\t\t\t\t<div class=\"elementor-column elementor-col-33 elementor-top-column elementor-element elementor-element-6be89389\" data-id=\"6be89389\" data-element_type=\"column\">\n\t\t\t<div class=\"elementor-widget-wrap elementor-element-populated\">\n\t\t\t\t\t\t<div class=\"elementor-element elementor-element-5f5652f elementor-align-center elementor-list-item-link-full_width elementor-widget elementor-widget-icon-list\" data-id=\"5f5652f\" data-element_type=\"widget\" data-widget_type=\"icon-list.default\">\n\t\t\t\t<div class=\"elementor-widget-container\">\n\t\t\t\t\t\t\t<ul class=\"elementor-icon-list-items\">\n\t\t\t\t\t\t\t<li class=\"elementor-icon-list-item\">\n\t\t\t\t\t\t\t\t\t\t\t<a href=\"https:\/\/ceder.org.pe\/pdr\/quienes-somos\/\">\n\n\t\t\t\t\t\t\t\t\t\t\t\t<span class=\"elementor-icon-list-icon\">\n\t\t\t\t\t\t\t<i aria-hidden=\"true\" class=\"far fa-user\"><\/i>\t\t\t\t\t\t<\/span>\n\t\t\t\t\t\t\t\t\t\t<span class=\"elementor-icon-list-text\">\u00bfQui\u00e9nes somos?<\/span>\n\t\t\t\t\t\t\t\t\t\t\t<\/a>\n\t\t\t\t\t\t\t\t\t<\/li>\n\t\t\t\t\t\t\t\t<li class=\"elementor-icon-list-item\">\n\t\t\t\t\t\t\t\t\t\t\t<a href=\"https:\/\/ceder.org.pe\/pdr\/que-buscamos\/\">\n\n\t\t\t\t\t\t\t\t\t\t\t\t<span class=\"elementor-icon-list-icon\">\n\t\t\t\t\t\t\t<i aria-hidden=\"true\" class=\"fas fa-tools\"><\/i>\t\t\t\t\t\t<\/span>\n\t\t\t\t\t\t\t\t\t\t<span class=\"elementor-icon-list-text\">\u00bfQu\u00e9 hacemos?<\/span>\n\t\t\t\t\t\t\t\t\t\t\t<\/a>\n\t\t\t\t\t\t\t\t\t<\/li>\n\t\t\t\t\t\t\t\t<li class=\"elementor-icon-list-item\">\n\t\t\t\t\t\t\t\t\t\t\t<a href=\"https:\/\/ceder.org.pe\/pdr\/organizaciones\/\">\n\n\t\t\t\t\t\t\t\t\t\t\t\t<span class=\"elementor-icon-list-icon\">\n\t\t\t\t\t\t\t<i aria-hidden=\"true\" class=\"fas fa-globe-americas\"><\/i>\t\t\t\t\t\t<\/span>\n\t\t\t\t\t\t\t\t\t\t<span class=\"elementor-icon-list-text\">Organizaciones <\/span>\n\t\t\t\t\t\t\t\t\t\t\t<\/a>\n\t\t\t\t\t\t\t\t\t<\/li>\n\t\t\t\t\t\t\t\t<li class=\"elementor-icon-list-item\">\n\t\t\t\t\t\t\t\t\t\t\t<a href=\"https:\/\/ceder.org.pe\/pdr\/testimonios-2\/\">\n\n\t\t\t\t\t\t\t\t\t\t\t\t<span class=\"elementor-icon-list-icon\">\n\t\t\t\t\t\t\t<i aria-hidden=\"true\" class=\"far fa-newspaper\"><\/i>\t\t\t\t\t\t<\/span>\n\t\t\t\t\t\t\t\t\t\t<span class=\"elementor-icon-list-text\">Noticias <\/span>\n\t\t\t\t\t\t\t\t\t\t\t<\/a>\n\t\t\t\t\t\t\t\t\t<\/li>\n\t\t\t\t\t\t<\/ul>\n\t\t\t\t\t\t<\/div>\n\t\t\t\t<\/div>\n\t\t\t\t\t<\/div>\n\t\t<\/div>\n\t\t\t\t\t<\/div>\n\t\t<\/section>\n\t\t\t\t<\/div>\n\t\t","protected":false},"excerpt":{"rendered":"<p>Organizaciones que conforman el PDR III Organizaci\u00f3n sueca, que trabaja con programas de cooperaci\u00f3n en Bolivia, Nicaragua y Per\u00fa; para reducir la pobreza y eliminar sus causas, a trav\u00e9s de la asociaci\u00f3n con ONG\u00b4s locales, juntos\u00a0 creamos oportunidades para que mujeres, ni\u00f1os, ni\u00f1as, adolescentes mejoren sus condiciones de vida. Asociaci\u00f3n de Promoci\u00f3n y Desarrollo es [&hellip;]<\/p>\n","protected":false},"author":1,"featured_media":0,"parent":0,"menu_order":0,"comment_status":"closed","ping_status":"closed","template":"","meta":{"site-sidebar-layout":"no-sidebar","site-content-layout":"page-builder","ast-site-content-layout":"","site-content-style":"default","site-sidebar-style":"default","ast-global-header-display":"","ast-banner-title-visibility":"","ast-main-header-display":"","ast-hfb-above-header-display":"","ast-hfb-below-header-display":"","ast-hfb-mobile-header-display":"","site-post-title":"disabled","ast-breadcrumbs-content":"","ast-featured-img":"disabled","footer-sml-layout":"","theme-transparent-header-meta":"","adv-header-id-meta":"","stick-header-meta":"","header-above-stick-meta":"","header-main-stick-meta":"","header-below-stick-meta":"","astra-migrate-meta-layouts":"default","ast-page-background-enabled":"default","ast-page-background-meta":{"desktop":{"background-color":"var(--ast-global-color-4)","background-image":"","background-repeat":"repeat","background-position":"center center","background-size":"auto","background-attachment":"scroll","background-type":"","background-media":"","overlay-type":"","overlay-color":"","overlay-opacity":"","overlay-gradient":""},"tablet":{"background-color":"","background-image":"","background-repeat":"repeat","background-position":"center center","background-size":"auto","background-attachment":"scroll","background-type":"","background-media":"","overlay-type":"","overlay-color":"","overlay-opacity":"","overlay-gradient":""},"mobile":{"background-color":"","background-image":"","background-repeat":"repeat","background-position":"center center","background-size":"auto","background-attachment":"scroll","background-type":"","background-media":"","overlay-type":"","overlay-color":"","overlay-opacity":"","overlay-gradient":""}},"ast-content-background-meta":{"desktop":{"background-color":"var(--ast-global-color-5)","background-image":"","background-repeat":"repeat","background-position":"center center","background-size":"auto","background-attachment":"scroll","background-type":"","background-media":"","overlay-type":"","overlay-color":"","overlay-opacity":"","overlay-gradient":""},"tablet":{"background-color":"var(--ast-global-color-5)","background-image":"","background-repeat":"repeat","background-position":"center center","background-size":"auto","background-attachment":"scroll","background-type":"","background-media":"","overlay-type":"","overlay-color":"","overlay-opacity":"","overlay-gradient":""},"mobile":{"background-color":"var(--ast-global-color-5)","background-image":"","background-repeat":"repeat","background-position":"center center","background-size":"auto","background-attachment":"scroll","background-type":"","background-media":"","overlay-type":"","overlay-color":"","overlay-opacity":"","overlay-gradient":""}},"footnotes":""},"class_list":["post-2541","page","type-page","status-publish","hentry"],"_links":{"self":[{"href":"https:\/\/ceder.org.pe\/pdr\/wp-json\/wp\/v2\/pages\/2541","targetHints":{"allow":["GET"]}}],"collection":[{"href":"https:\/\/ceder.org.pe\/pdr\/wp-json\/wp\/v2\/pages"}],"about":[{"href":"https:\/\/ceder.org.pe\/pdr\/wp-json\/wp\/v2\/types\/page"}],"author":[{"embeddable":true,"href":"https:\/\/ceder.org.pe\/pdr\/wp-json\/wp\/v2\/users\/1"}],"replies":[{"embeddable":true,"href":"https:\/\/ceder.org.pe\/pdr\/wp-json\/wp\/v2\/comments?post=2541"}],"version-history":[{"count":49,"href":"https:\/\/ceder.org.pe\/pdr\/wp-json\/wp\/v2\/pages\/2541\/revisions"}],"predecessor-version":[{"id":3337,"href":"https:\/\/ceder.org.pe\/pdr\/wp-json\/wp\/v2\/pages\/2541\/revisions\/3337"}],"wp:attachment":[{"href":"https:\/\/ceder.org.pe\/pdr\/wp-json\/wp\/v2\/media?parent=2541"}],"curies":[{"name":"wp","href":"https:\/\/api.w.org\/{rel}","templated":true}]}}